{"id":845,"date":"2021-08-22T15:55:50","date_gmt":"2021-08-22T13:55:50","guid":{"rendered":"https:\/\/sca.news\/?page_id=845"},"modified":"2021-08-22T18:12:42","modified_gmt":"2021-08-22T16:12:42","slug":"soutiens-dons","status":"publish","type":"page","link":"https:\/\/sca.news\/fr\/soutiens-dons\/","title":{"rendered":"Soutiens \/ Dons"},"content":{"rendered":"<div class=\"fusion-text fusion-text-16\">\n<h2 style=\"text-align: center;\">Nous sommes ind\u00e9pendants et ind\u00e9pendants. Gr\u00e2ce \u00e0 ton soutien, \u00e7a va rester comme \u00e7a.<\/h2>\n<\/div>\n<div class=\"fusion-separator fusion-full-width-sep\" style=\"text-align: center;\"><\/div>\n<div class=\"fusion-text fusion-text-17\">\n<h3 style=\"text-align: center;\">Si vous voulez nous soutenir, vous avez les options suivantes.<\/h3>\n<\/div>\n<p>&nbsp;<\/p>\n<p><!-- PayPal Logo --><\/p>\n<table border=\"0\" cellspacing=\"0\" cellpadding=\"10\" align=\"center\">\n<tbody>\n<tr>\n<td align=\"center\"><\/td>\n<\/tr>\n<tr>\n<td align=\"center\"><a title=\"So funktioniert PayPal\" href=\"https:\/\/www.paypal.com\/de\/webapps\/mpp\/paypal-popup\"><img decoding=\"async\" src=\"https:\/\/www.paypalobjects.com\/webstatic\/de_DE\/i\/de-pp-logo-200px.png\" alt=\"PayPal Logo\" border=\"0\" \/><\/a><\/td>\n<\/tr>\n<\/tbody>\n<\/table>\n<p><!-- PayPal Logo --><\/p>\n<p style=\"text-align: center;\"><a href=\"https:\/\/paypal.me\/JAMIDiallo\" target=\"_blank\" rel=\"noopener\">paypal.me\/JAMIDiallo<\/a><\/p>\n<p>&nbsp;<\/p>\n","protected":false},"excerpt":{"rendered":"<p>Nous sommes ind\u00e9pendants et ind\u00e9pendants. Gr\u00e2ce \u00e0 ton soutien, \u00e7a va rester comme \u00e7a. Si vous voulez nous soutenir, vous avez les options suivantes. &nbsp; paypal.me\/JAMIDiallo &nbsp;<\/p>\n","protected":false},"author":1,"featured_media":0,"parent":0,"menu_order":0,"comment_status":"closed","ping_status":"closed","template":"","meta":{"footnotes":""},"class_list":["post-845","page","type-page","status-publish","hentry"],"yoast_head":"<!-- This site is optimized with the Yoast SEO plugin v27.4 - https:\/\/yoast.com\/product\/yoast-seo-wordpress\/ -->\n<title>Soutiens \/ Dons \/ Donation \/ Support<\/title>\n<meta name=\"description\" content=\"Nous sommes ind\u00e9pendants et ind\u00e9pendants. Gr\u00e2ce \u00e0 ton soutien, \u00e7a va rester comme \u00e7a.Si vous voulez nous soutenir, vous avez les options suivantes.\" \/>\n<meta name=\"robots\" content=\"index, follow, max-snippet:-1, max-image-preview:large, max-video-preview:-1\" \/>\n<link rel=\"canonical\" href=\"https:\/\/sca.news\/fr\/soutiens-dons\/\" \/>\n<meta property=\"og:locale\" content=\"fr_FR\" \/>\n<meta property=\"og:type\" content=\"article\" \/>\n<meta property=\"og:title\" content=\"Soutiens \/ Dons \/ Donation \/ Support\" \/>\n<meta property=\"og:description\" content=\"Nous sommes ind\u00e9pendants et ind\u00e9pendants. Gr\u00e2ce \u00e0 ton soutien, \u00e7a va rester comme \u00e7a.Si vous voulez nous soutenir, vous avez les options suivantes.\" \/>\n<meta property=\"og:url\" content=\"https:\/\/sca.news\/fr\/soutiens-dons\/\" \/>\n<meta property=\"og:site_name\" content=\"Stiftung Corona Ausschuss Info\" \/>\n<meta property=\"article:modified_time\" content=\"2021-08-22T16:12:42+00:00\" \/>\n<meta property=\"og:image\" content=\"https:\/\/www.paypalobjects.com\/webstatic\/de_DE\/i\/de-pp-logo-200px.png\" \/>\n<meta name=\"twitter:card\" content=\"summary_large_image\" \/>\n<meta name=\"twitter:label1\" content=\"Dur\u00e9e de lecture estim\u00e9e\" \/>\n\t<meta name=\"twitter:data1\" content=\"1 minute\" \/>\n<script type=\"application\/ld+json\" class=\"yoast-schema-graph\">{\"@context\":\"https:\\\/\\\/schema.org\",\"@graph\":[{\"@type\":\"WebPage\",\"@id\":\"https:\\\/\\\/sca.news\\\/fr\\\/soutiens-dons\\\/\",\"url\":\"https:\\\/\\\/sca.news\\\/fr\\\/soutiens-dons\\\/\",\"name\":\"Soutiens \\\/ Dons \\\/ Donation \\\/ Support\",\"isPartOf\":{\"@id\":\"https:\\\/\\\/sca.news\\\/fr\\\/#website\"},\"primaryImageOfPage\":{\"@id\":\"https:\\\/\\\/sca.news\\\/fr\\\/soutiens-dons\\\/#primaryimage\"},\"image\":{\"@id\":\"https:\\\/\\\/sca.news\\\/fr\\\/soutiens-dons\\\/#primaryimage\"},\"thumbnailUrl\":\"https:\\\/\\\/www.paypalobjects.com\\\/webstatic\\\/de_DE\\\/i\\\/de-pp-logo-200px.png\",\"datePublished\":\"2021-08-22T13:55:50+00:00\",\"dateModified\":\"2021-08-22T16:12:42+00:00\",\"description\":\"Nous sommes ind\u00e9pendants et ind\u00e9pendants. Gr\u00e2ce \u00e0 ton soutien, \u00e7a va rester comme \u00e7a.Si vous voulez nous soutenir, vous avez les options suivantes.\",\"breadcrumb\":{\"@id\":\"https:\\\/\\\/sca.news\\\/fr\\\/soutiens-dons\\\/#breadcrumb\"},\"inLanguage\":\"fr-FR\",\"potentialAction\":[{\"@type\":\"ReadAction\",\"target\":[\"https:\\\/\\\/sca.news\\\/fr\\\/soutiens-dons\\\/\"]}]},{\"@type\":\"ImageObject\",\"inLanguage\":\"fr-FR\",\"@id\":\"https:\\\/\\\/sca.news\\\/fr\\\/soutiens-dons\\\/#primaryimage\",\"url\":\"https:\\\/\\\/www.paypalobjects.com\\\/webstatic\\\/de_DE\\\/i\\\/de-pp-logo-200px.png\",\"contentUrl\":\"https:\\\/\\\/www.paypalobjects.com\\\/webstatic\\\/de_DE\\\/i\\\/de-pp-logo-200px.png\"},{\"@type\":\"BreadcrumbList\",\"@id\":\"https:\\\/\\\/sca.news\\\/fr\\\/soutiens-dons\\\/#breadcrumb\",\"itemListElement\":[{\"@type\":\"ListItem\",\"position\":1,\"name\":\"Startseite\",\"item\":\"https:\\\/\\\/sca.news\\\/fr\\\/\"},{\"@type\":\"ListItem\",\"position\":2,\"name\":\"Soutiens \\\/ Dons\"}]},{\"@type\":\"WebSite\",\"@id\":\"https:\\\/\\\/sca.news\\\/fr\\\/#website\",\"url\":\"https:\\\/\\\/sca.news\\\/fr\\\/\",\"name\":\"Stiftung Corona Ausschuss Info\",\"description\":\"Corona-Ausschuss - Inhalt \\\/ Index \\\/ Teilnehmer \\\/ Transkriptionen\",\"publisher\":{\"@id\":\"https:\\\/\\\/sca.news\\\/fr\\\/#organization\"},\"alternateName\":\"Stiftung Corona Ausschuss Info\",\"potentialAction\":[{\"@type\":\"SearchAction\",\"target\":{\"@type\":\"EntryPoint\",\"urlTemplate\":\"https:\\\/\\\/sca.news\\\/fr\\\/?s={search_term_string}\"},\"query-input\":{\"@type\":\"PropertyValueSpecification\",\"valueRequired\":true,\"valueName\":\"search_term_string\"}}],\"inLanguage\":\"fr-FR\"},{\"@type\":\"Organization\",\"@id\":\"https:\\\/\\\/sca.news\\\/fr\\\/#organization\",\"name\":\"SCA-NEWS\",\"alternateName\":\"Stiftung Corona Ausschuss Info\",\"url\":\"https:\\\/\\\/sca.news\\\/fr\\\/\",\"logo\":{\"@type\":\"ImageObject\",\"inLanguage\":\"fr-FR\",\"@id\":\"https:\\\/\\\/sca.news\\\/fr\\\/#\\\/schema\\\/logo\\\/image\\\/\",\"url\":\"https:\\\/\\\/sca.news\\\/wp-content\\\/uploads\\\/2021\\\/05\\\/cropped-sca-favicon-1.png\",\"contentUrl\":\"https:\\\/\\\/sca.news\\\/wp-content\\\/uploads\\\/2021\\\/05\\\/cropped-sca-favicon-1.png\",\"width\":512,\"height\":512,\"caption\":\"SCA-NEWS\"},\"image\":{\"@id\":\"https:\\\/\\\/sca.news\\\/fr\\\/#\\\/schema\\\/logo\\\/image\\\/\"}}]}<\/script>\n<!-- \/ Yoast SEO plugin. -->","yoast_head_json":{"title":"Soutiens \/ Dons \/ Donation \/ Support","description":"Nous sommes ind\u00e9pendants et ind\u00e9pendants. Gr\u00e2ce \u00e0 ton soutien, \u00e7a va rester comme \u00e7a.Si vous voulez nous soutenir, vous avez les options suivantes.","robots":{"index":"index","follow":"follow","max-snippet":"max-snippet:-1","max-image-preview":"max-image-preview:large","max-video-preview":"max-video-preview:-1"},"canonical":"https:\/\/sca.news\/fr\/soutiens-dons\/","og_locale":"fr_FR","og_type":"article","og_title":"Soutiens \/ Dons \/ Donation \/ Support","og_description":"Nous sommes ind\u00e9pendants et ind\u00e9pendants. Gr\u00e2ce \u00e0 ton soutien, \u00e7a va rester comme \u00e7a.Si vous voulez nous soutenir, vous avez les options suivantes.","og_url":"https:\/\/sca.news\/fr\/soutiens-dons\/","og_site_name":"Stiftung Corona Ausschuss Info","article_modified_time":"2021-08-22T16:12:42+00:00","og_image":[{"url":"https:\/\/www.paypalobjects.com\/webstatic\/de_DE\/i\/de-pp-logo-200px.png","type":"","width":"","height":""}],"twitter_card":"summary_large_image","twitter_misc":{"Dur\u00e9e de lecture estim\u00e9e":"1 minute"},"schema":{"@context":"https:\/\/schema.org","@graph":[{"@type":"WebPage","@id":"https:\/\/sca.news\/fr\/soutiens-dons\/","url":"https:\/\/sca.news\/fr\/soutiens-dons\/","name":"Soutiens \/ Dons \/ Donation \/ Support","isPartOf":{"@id":"https:\/\/sca.news\/fr\/#website"},"primaryImageOfPage":{"@id":"https:\/\/sca.news\/fr\/soutiens-dons\/#primaryimage"},"image":{"@id":"https:\/\/sca.news\/fr\/soutiens-dons\/#primaryimage"},"thumbnailUrl":"https:\/\/www.paypalobjects.com\/webstatic\/de_DE\/i\/de-pp-logo-200px.png","datePublished":"2021-08-22T13:55:50+00:00","dateModified":"2021-08-22T16:12:42+00:00","description":"Nous sommes ind\u00e9pendants et ind\u00e9pendants. Gr\u00e2ce \u00e0 ton soutien, \u00e7a va rester comme \u00e7a.Si vous voulez nous soutenir, vous avez les options suivantes.","breadcrumb":{"@id":"https:\/\/sca.news\/fr\/soutiens-dons\/#breadcrumb"},"inLanguage":"fr-FR","potentialAction":[{"@type":"ReadAction","target":["https:\/\/sca.news\/fr\/soutiens-dons\/"]}]},{"@type":"ImageObject","inLanguage":"fr-FR","@id":"https:\/\/sca.news\/fr\/soutiens-dons\/#primaryimage","url":"https:\/\/www.paypalobjects.com\/webstatic\/de_DE\/i\/de-pp-logo-200px.png","contentUrl":"https:\/\/www.paypalobjects.com\/webstatic\/de_DE\/i\/de-pp-logo-200px.png"},{"@type":"BreadcrumbList","@id":"https:\/\/sca.news\/fr\/soutiens-dons\/#breadcrumb","itemListElement":[{"@type":"ListItem","position":1,"name":"Startseite","item":"https:\/\/sca.news\/fr\/"},{"@type":"ListItem","position":2,"name":"Soutiens \/ Dons"}]},{"@type":"WebSite","@id":"https:\/\/sca.news\/fr\/#website","url":"https:\/\/sca.news\/fr\/","name":"Stiftung Corona Ausschuss Info","description":"Corona-Ausschuss - Inhalt \/ Index \/ Teilnehmer \/ Transkriptionen","publisher":{"@id":"https:\/\/sca.news\/fr\/#organization"},"alternateName":"Stiftung Corona Ausschuss Info","potentialAction":[{"@type":"SearchAction","target":{"@type":"EntryPoint","urlTemplate":"https:\/\/sca.news\/fr\/?s={search_term_string}"},"query-input":{"@type":"PropertyValueSpecification","valueRequired":true,"valueName":"search_term_string"}}],"inLanguage":"fr-FR"},{"@type":"Organization","@id":"https:\/\/sca.news\/fr\/#organization","name":"SCA-NEWS","alternateName":"Stiftung Corona Ausschuss Info","url":"https:\/\/sca.news\/fr\/","logo":{"@type":"ImageObject","inLanguage":"fr-FR","@id":"https:\/\/sca.news\/fr\/#\/schema\/logo\/image\/","url":"https:\/\/sca.news\/wp-content\/uploads\/2021\/05\/cropped-sca-favicon-1.png","contentUrl":"https:\/\/sca.news\/wp-content\/uploads\/2021\/05\/cropped-sca-favicon-1.png","width":512,"height":512,"caption":"SCA-NEWS"},"image":{"@id":"https:\/\/sca.news\/fr\/#\/schema\/logo\/image\/"}}]}},"_links":{"self":[{"href":"https:\/\/sca.news\/fr\/wp-json\/wp\/v2\/pages\/845","targetHints":{"allow":["GET"]}}],"collection":[{"href":"https:\/\/sca.news\/fr\/wp-json\/wp\/v2\/pages"}],"about":[{"href":"https:\/\/sca.news\/fr\/wp-json\/wp\/v2\/types\/page"}],"author":[{"embeddable":true,"href":"https:\/\/sca.news\/fr\/wp-json\/wp\/v2\/users\/1"}],"replies":[{"embeddable":true,"href":"https:\/\/sca.news\/fr\/wp-json\/wp\/v2\/comments?post=845"}],"version-history":[{"count":3,"href":"https:\/\/sca.news\/fr\/wp-json\/wp\/v2\/pages\/845\/revisions"}],"predecessor-version":[{"id":848,"href":"https:\/\/sca.news\/fr\/wp-json\/wp\/v2\/pages\/845\/revisions\/848"}],"wp:attachment":[{"href":"https:\/\/sca.news\/fr\/wp-json\/wp\/v2\/media?parent=845"}],"curies":[{"name":"wp","href":"https:\/\/api.w.org\/{rel}","templated":true}]}}