{"id":842,"date":"2021-08-22T15:55:07","date_gmt":"2021-08-22T13:55:07","guid":{"rendered":"https:\/\/sca.news\/?page_id=842"},"modified":"2021-08-28T11:14:09","modified_gmt":"2021-08-28T09:14:09","slug":"apoyos-donaciones","status":"publish","type":"page","link":"https:\/\/sca.news\/es\/apoyos-donaciones\/","title":{"rendered":"Apoyos \/ Donaciones"},"content":{"rendered":"<div class=\"fusion-text fusion-text-16\">\n<h2 style=\"text-align: center;\">Somos freelance e independientes. A trav\u00e9s de su apoyo, seguir\u00e1 siendo as\u00ed.<\/h2>\n<\/div>\n<div class=\"fusion-separator fusion-full-width-sep\" style=\"text-align: center;\"><\/div>\n<div class=\"fusion-text fusion-text-17\">\n<h3 style=\"text-align: center;\">Si desea apoyarnos, tiene las siguientes opciones.<\/h3>\n<\/div>\n<p>&nbsp;<\/p>\n<p><!-- PayPal Logo --><\/p>\n<table border=\"0\" cellspacing=\"0\" cellpadding=\"10\" align=\"center\">\n<tbody>\n<tr>\n<td align=\"center\"><\/td>\n<\/tr>\n<tr>\n<td align=\"center\"><a title=\"So funktioniert PayPal\" href=\"https:\/\/www.paypal.com\/de\/webapps\/mpp\/paypal-popup\"><img decoding=\"async\" src=\"https:\/\/www.paypalobjects.com\/webstatic\/de_DE\/i\/de-pp-logo-200px.png\" alt=\"PayPal Logo\" border=\"0\" \/><\/a><\/td>\n<\/tr>\n<\/tbody>\n<\/table>\n<p><!-- PayPal Logo --><\/p>\n<p style=\"text-align: center;\"><a href=\"https:\/\/paypal.me\/JAMIDiallo\" target=\"_blank\" rel=\"noopener\">paypal.me\/JAMIDiallo<\/a><\/p>\n<p>&nbsp;<\/p>\n","protected":false},"excerpt":{"rendered":"<p>Somos freelance e independientes. A trav\u00e9s de su apoyo, seguir\u00e1 siendo as\u00ed. Si desea apoyarnos, tiene las siguientes opciones. &nbsp; paypal.me\/JAMIDiallo &nbsp;<\/p>\n","protected":false},"author":1,"featured_media":0,"parent":0,"menu_order":0,"comment_status":"closed","ping_status":"closed","template":"","meta":{"footnotes":""},"class_list":["post-842","page","type-page","status-publish","hentry"],"yoast_head":"<!-- This site is optimized with the Yoast SEO plugin v27.4 - https:\/\/yoast.com\/product\/yoast-seo-wordpress\/ -->\n<title>Apoyos \/ Donaciones - Stiftung Corona Ausschuss Info<\/title>\n<meta name=\"description\" content=\"Somos freelance e independientes. A trav\u00e9s de su apoyo, seguir\u00e1 siendo as\u00ed. Si desea apoyarnos, tiene las siguientes opciones.\" \/>\n<meta name=\"robots\" content=\"index, follow, max-snippet:-1, max-image-preview:large, max-video-preview:-1\" \/>\n<link rel=\"canonical\" href=\"https:\/\/sca.news\/es\/apoyos-donaciones\/\" \/>\n<meta property=\"og:locale\" content=\"es_ES\" \/>\n<meta property=\"og:type\" content=\"article\" \/>\n<meta property=\"og:title\" content=\"Apoyos \/ Donaciones - Stiftung Corona Ausschuss Info\" \/>\n<meta property=\"og:description\" content=\"Somos freelance e independientes. A trav\u00e9s de su apoyo, seguir\u00e1 siendo as\u00ed. Si desea apoyarnos, tiene las siguientes opciones.\" \/>\n<meta property=\"og:url\" content=\"https:\/\/sca.news\/es\/apoyos-donaciones\/\" \/>\n<meta property=\"og:site_name\" content=\"Stiftung Corona Ausschuss Info\" \/>\n<meta property=\"article:modified_time\" content=\"2021-08-28T09:14:09+00:00\" \/>\n<meta property=\"og:image\" content=\"https:\/\/www.paypalobjects.com\/webstatic\/de_DE\/i\/de-pp-logo-200px.png\" \/>\n<meta name=\"twitter:card\" content=\"summary_large_image\" \/>\n<meta name=\"twitter:label1\" content=\"Tiempo de lectura\" \/>\n\t<meta name=\"twitter:data1\" content=\"1 minuto\" \/>\n<script type=\"application\/ld+json\" class=\"yoast-schema-graph\">{\"@context\":\"https:\\\/\\\/schema.org\",\"@graph\":[{\"@type\":\"WebPage\",\"@id\":\"https:\\\/\\\/sca.news\\\/es\\\/apoyos-donaciones\\\/\",\"url\":\"https:\\\/\\\/sca.news\\\/es\\\/apoyos-donaciones\\\/\",\"name\":\"Apoyos \\\/ Donaciones - Stiftung Corona Ausschuss Info\",\"isPartOf\":{\"@id\":\"https:\\\/\\\/sca.news\\\/es\\\/#website\"},\"primaryImageOfPage\":{\"@id\":\"https:\\\/\\\/sca.news\\\/es\\\/apoyos-donaciones\\\/#primaryimage\"},\"image\":{\"@id\":\"https:\\\/\\\/sca.news\\\/es\\\/apoyos-donaciones\\\/#primaryimage\"},\"thumbnailUrl\":\"https:\\\/\\\/www.paypalobjects.com\\\/webstatic\\\/de_DE\\\/i\\\/de-pp-logo-200px.png\",\"datePublished\":\"2021-08-22T13:55:07+00:00\",\"dateModified\":\"2021-08-28T09:14:09+00:00\",\"description\":\"Somos freelance e independientes. A trav\u00e9s de su apoyo, seguir\u00e1 siendo as\u00ed. Si desea apoyarnos, tiene las siguientes opciones.\",\"breadcrumb\":{\"@id\":\"https:\\\/\\\/sca.news\\\/es\\\/apoyos-donaciones\\\/#breadcrumb\"},\"inLanguage\":\"es\",\"potentialAction\":[{\"@type\":\"ReadAction\",\"target\":[\"https:\\\/\\\/sca.news\\\/es\\\/apoyos-donaciones\\\/\"]}]},{\"@type\":\"ImageObject\",\"inLanguage\":\"es\",\"@id\":\"https:\\\/\\\/sca.news\\\/es\\\/apoyos-donaciones\\\/#primaryimage\",\"url\":\"https:\\\/\\\/www.paypalobjects.com\\\/webstatic\\\/de_DE\\\/i\\\/de-pp-logo-200px.png\",\"contentUrl\":\"https:\\\/\\\/www.paypalobjects.com\\\/webstatic\\\/de_DE\\\/i\\\/de-pp-logo-200px.png\"},{\"@type\":\"BreadcrumbList\",\"@id\":\"https:\\\/\\\/sca.news\\\/es\\\/apoyos-donaciones\\\/#breadcrumb\",\"itemListElement\":[{\"@type\":\"ListItem\",\"position\":1,\"name\":\"Startseite\",\"item\":\"https:\\\/\\\/sca.news\\\/es\\\/\"},{\"@type\":\"ListItem\",\"position\":2,\"name\":\"Apoyos \\\/ Donaciones\"}]},{\"@type\":\"WebSite\",\"@id\":\"https:\\\/\\\/sca.news\\\/es\\\/#website\",\"url\":\"https:\\\/\\\/sca.news\\\/es\\\/\",\"name\":\"Stiftung Corona Ausschuss Info\",\"description\":\"Corona-Ausschuss - Inhalt \\\/ Index \\\/ Teilnehmer \\\/ Transkriptionen\",\"publisher\":{\"@id\":\"https:\\\/\\\/sca.news\\\/es\\\/#organization\"},\"alternateName\":\"Stiftung Corona Ausschuss Info\",\"potentialAction\":[{\"@type\":\"SearchAction\",\"target\":{\"@type\":\"EntryPoint\",\"urlTemplate\":\"https:\\\/\\\/sca.news\\\/es\\\/?s={search_term_string}\"},\"query-input\":{\"@type\":\"PropertyValueSpecification\",\"valueRequired\":true,\"valueName\":\"search_term_string\"}}],\"inLanguage\":\"es\"},{\"@type\":\"Organization\",\"@id\":\"https:\\\/\\\/sca.news\\\/es\\\/#organization\",\"name\":\"SCA-NEWS\",\"alternateName\":\"Stiftung Corona Ausschuss Info\",\"url\":\"https:\\\/\\\/sca.news\\\/es\\\/\",\"logo\":{\"@type\":\"ImageObject\",\"inLanguage\":\"es\",\"@id\":\"https:\\\/\\\/sca.news\\\/es\\\/#\\\/schema\\\/logo\\\/image\\\/\",\"url\":\"https:\\\/\\\/sca.news\\\/wp-content\\\/uploads\\\/2021\\\/05\\\/cropped-sca-favicon-1.png\",\"contentUrl\":\"https:\\\/\\\/sca.news\\\/wp-content\\\/uploads\\\/2021\\\/05\\\/cropped-sca-favicon-1.png\",\"width\":512,\"height\":512,\"caption\":\"SCA-NEWS\"},\"image\":{\"@id\":\"https:\\\/\\\/sca.news\\\/es\\\/#\\\/schema\\\/logo\\\/image\\\/\"}}]}<\/script>\n<!-- \/ Yoast SEO plugin. -->","yoast_head_json":{"title":"Apoyos \/ Donaciones - Stiftung Corona Ausschuss Info","description":"Somos freelance e independientes. A trav\u00e9s de su apoyo, seguir\u00e1 siendo as\u00ed. Si desea apoyarnos, tiene las siguientes opciones.","robots":{"index":"index","follow":"follow","max-snippet":"max-snippet:-1","max-image-preview":"max-image-preview:large","max-video-preview":"max-video-preview:-1"},"canonical":"https:\/\/sca.news\/es\/apoyos-donaciones\/","og_locale":"es_ES","og_type":"article","og_title":"Apoyos \/ Donaciones - Stiftung Corona Ausschuss Info","og_description":"Somos freelance e independientes. A trav\u00e9s de su apoyo, seguir\u00e1 siendo as\u00ed. Si desea apoyarnos, tiene las siguientes opciones.","og_url":"https:\/\/sca.news\/es\/apoyos-donaciones\/","og_site_name":"Stiftung Corona Ausschuss Info","article_modified_time":"2021-08-28T09:14:09+00:00","og_image":[{"url":"https:\/\/www.paypalobjects.com\/webstatic\/de_DE\/i\/de-pp-logo-200px.png","type":"","width":"","height":""}],"twitter_card":"summary_large_image","twitter_misc":{"Tiempo de lectura":"1 minuto"},"schema":{"@context":"https:\/\/schema.org","@graph":[{"@type":"WebPage","@id":"https:\/\/sca.news\/es\/apoyos-donaciones\/","url":"https:\/\/sca.news\/es\/apoyos-donaciones\/","name":"Apoyos \/ Donaciones - Stiftung Corona Ausschuss Info","isPartOf":{"@id":"https:\/\/sca.news\/es\/#website"},"primaryImageOfPage":{"@id":"https:\/\/sca.news\/es\/apoyos-donaciones\/#primaryimage"},"image":{"@id":"https:\/\/sca.news\/es\/apoyos-donaciones\/#primaryimage"},"thumbnailUrl":"https:\/\/www.paypalobjects.com\/webstatic\/de_DE\/i\/de-pp-logo-200px.png","datePublished":"2021-08-22T13:55:07+00:00","dateModified":"2021-08-28T09:14:09+00:00","description":"Somos freelance e independientes. A trav\u00e9s de su apoyo, seguir\u00e1 siendo as\u00ed. Si desea apoyarnos, tiene las siguientes opciones.","breadcrumb":{"@id":"https:\/\/sca.news\/es\/apoyos-donaciones\/#breadcrumb"},"inLanguage":"es","potentialAction":[{"@type":"ReadAction","target":["https:\/\/sca.news\/es\/apoyos-donaciones\/"]}]},{"@type":"ImageObject","inLanguage":"es","@id":"https:\/\/sca.news\/es\/apoyos-donaciones\/#primaryimage","url":"https:\/\/www.paypalobjects.com\/webstatic\/de_DE\/i\/de-pp-logo-200px.png","contentUrl":"https:\/\/www.paypalobjects.com\/webstatic\/de_DE\/i\/de-pp-logo-200px.png"},{"@type":"BreadcrumbList","@id":"https:\/\/sca.news\/es\/apoyos-donaciones\/#breadcrumb","itemListElement":[{"@type":"ListItem","position":1,"name":"Startseite","item":"https:\/\/sca.news\/es\/"},{"@type":"ListItem","position":2,"name":"Apoyos \/ Donaciones"}]},{"@type":"WebSite","@id":"https:\/\/sca.news\/es\/#website","url":"https:\/\/sca.news\/es\/","name":"Stiftung Corona Ausschuss Info","description":"Corona-Ausschuss - Inhalt \/ Index \/ Teilnehmer \/ Transkriptionen","publisher":{"@id":"https:\/\/sca.news\/es\/#organization"},"alternateName":"Stiftung Corona Ausschuss Info","potentialAction":[{"@type":"SearchAction","target":{"@type":"EntryPoint","urlTemplate":"https:\/\/sca.news\/es\/?s={search_term_string}"},"query-input":{"@type":"PropertyValueSpecification","valueRequired":true,"valueName":"search_term_string"}}],"inLanguage":"es"},{"@type":"Organization","@id":"https:\/\/sca.news\/es\/#organization","name":"SCA-NEWS","alternateName":"Stiftung Corona Ausschuss Info","url":"https:\/\/sca.news\/es\/","logo":{"@type":"ImageObject","inLanguage":"es","@id":"https:\/\/sca.news\/es\/#\/schema\/logo\/image\/","url":"https:\/\/sca.news\/wp-content\/uploads\/2021\/05\/cropped-sca-favicon-1.png","contentUrl":"https:\/\/sca.news\/wp-content\/uploads\/2021\/05\/cropped-sca-favicon-1.png","width":512,"height":512,"caption":"SCA-NEWS"},"image":{"@id":"https:\/\/sca.news\/es\/#\/schema\/logo\/image\/"}}]}},"_links":{"self":[{"href":"https:\/\/sca.news\/es\/wp-json\/wp\/v2\/pages\/842","targetHints":{"allow":["GET"]}}],"collection":[{"href":"https:\/\/sca.news\/es\/wp-json\/wp\/v2\/pages"}],"about":[{"href":"https:\/\/sca.news\/es\/wp-json\/wp\/v2\/types\/page"}],"author":[{"embeddable":true,"href":"https:\/\/sca.news\/es\/wp-json\/wp\/v2\/users\/1"}],"replies":[{"embeddable":true,"href":"https:\/\/sca.news\/es\/wp-json\/wp\/v2\/comments?post=842"}],"version-history":[{"count":4,"href":"https:\/\/sca.news\/es\/wp-json\/wp\/v2\/pages\/842\/revisions"}],"predecessor-version":[{"id":851,"href":"https:\/\/sca.news\/es\/wp-json\/wp\/v2\/pages\/842\/revisions\/851"}],"wp:attachment":[{"href":"https:\/\/sca.news\/es\/wp-json\/wp\/v2\/media?parent=842"}],"curies":[{"name":"wp","href":"https:\/\/api.w.org\/{rel}","templated":true}]}}